







{"id":2029,"date":"2024-04-23T14:01:44","date_gmt":"2024-04-23T17:01:44","guid":{"rendered":"https:\/\/oculosnamedida.com.br\/?post_type=product&#038;p=2029"},"modified":"2026-03-16T09:40:58","modified_gmt":"2026-03-16T12:40:58","slug":"mormaii-preto","status":"publish","type":"product","link":"https:\/\/oculosnamedida.com.br\/ecommerce\/produtos\/mormaii-preto\/","title":{"rendered":"Mormaii Preto"},"content":{"rendered":"<p>Para a \u00f3tica que quiser provar gratuitamente seus \u00f3culos no site, entre em contato para mais d\u00favidas:<\/p>\n<p>(21) 98635-5182<\/p>\n","protected":false},"excerpt":{"rendered":"<p>Modelo: Masculino<\/p>\n<p>Cor: Preto<\/p>\n<p>Medidas<\/p>\n<p>Frontal: 142 mm<\/p>\n<p>Haste: 145 mm<\/p>\n<p>Altura: 48 mm<\/p>\n","protected":false},"author":1,"featured_media":2032,"comment_status":"open","ping_status":"closed","template":"","meta":{"_joinchat":{"telephone":"+5521986355182"}},"product_brand":[],"product_cat":[19],"product_tag":[27],"class_list":{"0":"post-2029","1":"product","2":"type-product","3":"status-publish","4":"has-post-thumbnail","6":"product_cat-grau-masculino","7":"product_tag-nossa-galeria","9":"first","10":"instock","11":"sale","12":"purchasable","13":"product-type-simple","14":"add-to-wishlist-after_add_to_cart"},"_links":{"self":[{"href":"https:\/\/oculosnamedida.com.br\/ecommerce\/wp-json\/wp\/v2\/product\/2029","targetHints":{"allow":["GET"]}}],"collection":[{"href":"https:\/\/oculosnamedida.com.br\/ecommerce\/wp-json\/wp\/v2\/product"}],"about":[{"href":"https:\/\/oculosnamedida.com.br\/ecommerce\/wp-json\/wp\/v2\/types\/product"}],"author":[{"embeddable":true,"href":"https:\/\/oculosnamedida.com.br\/ecommerce\/wp-json\/wp\/v2\/users\/1"}],"replies":[{"embeddable":true,"href":"https:\/\/oculosnamedida.com.br\/ecommerce\/wp-json\/wp\/v2\/comments?post=2029"}],"wp:featuredmedia":[{"embeddable":true,"href":"https:\/\/oculosnamedida.com.br\/ecommerce\/wp-json\/wp\/v2\/media\/2032"}],"wp:attachment":[{"href":"https:\/\/oculosnamedida.com.br\/ecommerce\/wp-json\/wp\/v2\/media?parent=2029"}],"wp:term":[{"taxonomy":"product_brand","embeddable":true,"href":"https:\/\/oculosnamedida.com.br\/ecommerce\/wp-json\/wp\/v2\/product_brand?post=2029"},{"taxonomy":"product_cat","embeddable":true,"href":"https:\/\/oculosnamedida.com.br\/ecommerce\/wp-json\/wp\/v2\/product_cat?post=2029"},{"taxonomy":"product_tag","embeddable":true,"href":"https:\/\/oculosnamedida.com.br\/ecommerce\/wp-json\/wp\/v2\/product_tag?post=2029"}],"curies":[{"name":"wp","href":"https:\/\/api.w.org\/{rel}","templated":true}]}}