







{"id":2022,"date":"2024-04-09T21:59:09","date_gmt":"2024-04-10T00:59:09","guid":{"rendered":"https:\/\/oculosnamedida.com.br\/?post_type=product&#038;p=2022"},"modified":"2024-04-09T22:06:57","modified_gmt":"2024-04-10T01:06:57","slug":"oakley-preto","status":"publish","type":"product","link":"https:\/\/oculosnamedida.com.br\/ecommerce\/produtos\/oakley-preto\/","title":{"rendered":"Oakley Preto"},"content":{"rendered":"<p>Para a \u00f3tica que quiser provar gratuitamente seus \u00f3culos no site, entre em contato para mais d\u00favidas:<\/p>\n<p>(21) 98325-4885<\/p>\n","protected":false},"excerpt":{"rendered":"<p>Modelo: Feminino\/Masculino<\/p>\n<p>Cor: Preto<\/p>\n<p>Medidas<\/p>\n<p>Frontal: 148 mm<\/p>\n<p>Haste: 142 mm<\/p>\n<p>Altura: 48 mm<\/p>\n","protected":false},"author":1,"featured_media":2024,"comment_status":"open","ping_status":"closed","template":"","meta":{"_joinchat":[]},"product_brand":[],"product_cat":[20,21],"product_tag":[27],"class_list":{"0":"post-2022","1":"product","2":"type-product","3":"status-publish","4":"has-post-thumbnail","6":"product_cat-solares-feminino","7":"product_cat-solares-masculino","8":"product_tag-nossa-galeria","10":"first","11":"instock","12":"taxable","13":"shipping-taxable","14":"product-type-simple","15":"add-to-wishlist-after_add_to_cart"},"_links":{"self":[{"href":"https:\/\/oculosnamedida.com.br\/ecommerce\/wp-json\/wp\/v2\/product\/2022","targetHints":{"allow":["GET"]}}],"collection":[{"href":"https:\/\/oculosnamedida.com.br\/ecommerce\/wp-json\/wp\/v2\/product"}],"about":[{"href":"https:\/\/oculosnamedida.com.br\/ecommerce\/wp-json\/wp\/v2\/types\/product"}],"author":[{"embeddable":true,"href":"https:\/\/oculosnamedida.com.br\/ecommerce\/wp-json\/wp\/v2\/users\/1"}],"replies":[{"embeddable":true,"href":"https:\/\/oculosnamedida.com.br\/ecommerce\/wp-json\/wp\/v2\/comments?post=2022"}],"wp:featuredmedia":[{"embeddable":true,"href":"https:\/\/oculosnamedida.com.br\/ecommerce\/wp-json\/wp\/v2\/media\/2024"}],"wp:attachment":[{"href":"https:\/\/oculosnamedida.com.br\/ecommerce\/wp-json\/wp\/v2\/media?parent=2022"}],"wp:term":[{"taxonomy":"product_brand","embeddable":true,"href":"https:\/\/oculosnamedida.com.br\/ecommerce\/wp-json\/wp\/v2\/product_brand?post=2022"},{"taxonomy":"product_cat","embeddable":true,"href":"https:\/\/oculosnamedida.com.br\/ecommerce\/wp-json\/wp\/v2\/product_cat?post=2022"},{"taxonomy":"product_tag","embeddable":true,"href":"https:\/\/oculosnamedida.com.br\/ecommerce\/wp-json\/wp\/v2\/product_tag?post=2022"}],"curies":[{"name":"wp","href":"https:\/\/api.w.org\/{rel}","templated":true}]}}