







{"id":2007,"date":"2024-04-03T11:19:27","date_gmt":"2024-04-03T14:19:27","guid":{"rendered":"https:\/\/oculosnamedida.com.br\/?post_type=product&#038;p=2007"},"modified":"2024-04-03T11:19:43","modified_gmt":"2024-04-03T14:19:43","slug":"black-clipon","status":"publish","type":"product","link":"https:\/\/oculosnamedida.com.br\/ecommerce\/produtos\/black-clipon\/","title":{"rendered":"Black Clipon"},"content":{"rendered":"<p>Para a \u00f3tica que quiser provar gratuitamente seus \u00f3culos no site, entre em contato para mais d\u00favidas:<\/p>\n<p>(21) 98325-4885<\/p>\n","protected":false},"excerpt":{"rendered":"<p>Modelo: Feminino<\/p>\n<p>Cor: Preto<\/p>\n<p>Medidas<\/p>\n<p>Frontal: 144 mm<\/p>\n<p>Haste: 145 mm<\/p>\n<p>Altura: 52 mm<\/p>\n","protected":false},"author":1,"featured_media":2009,"comment_status":"open","ping_status":"closed","template":"","meta":{"_joinchat":[]},"product_brand":[],"product_cat":[15],"product_tag":[27],"class_list":{"0":"post-2007","1":"product","2":"type-product","3":"status-publish","4":"has-post-thumbnail","6":"product_cat-grau-feminino","7":"product_tag-nossa-galeria","9":"first","10":"instock","11":"taxable","12":"shipping-taxable","13":"product-type-simple","14":"add-to-wishlist-after_add_to_cart"},"_links":{"self":[{"href":"https:\/\/oculosnamedida.com.br\/ecommerce\/wp-json\/wp\/v2\/product\/2007","targetHints":{"allow":["GET"]}}],"collection":[{"href":"https:\/\/oculosnamedida.com.br\/ecommerce\/wp-json\/wp\/v2\/product"}],"about":[{"href":"https:\/\/oculosnamedida.com.br\/ecommerce\/wp-json\/wp\/v2\/types\/product"}],"author":[{"embeddable":true,"href":"https:\/\/oculosnamedida.com.br\/ecommerce\/wp-json\/wp\/v2\/users\/1"}],"replies":[{"embeddable":true,"href":"https:\/\/oculosnamedida.com.br\/ecommerce\/wp-json\/wp\/v2\/comments?post=2007"}],"wp:featuredmedia":[{"embeddable":true,"href":"https:\/\/oculosnamedida.com.br\/ecommerce\/wp-json\/wp\/v2\/media\/2009"}],"wp:attachment":[{"href":"https:\/\/oculosnamedida.com.br\/ecommerce\/wp-json\/wp\/v2\/media?parent=2007"}],"wp:term":[{"taxonomy":"product_brand","embeddable":true,"href":"https:\/\/oculosnamedida.com.br\/ecommerce\/wp-json\/wp\/v2\/product_brand?post=2007"},{"taxonomy":"product_cat","embeddable":true,"href":"https:\/\/oculosnamedida.com.br\/ecommerce\/wp-json\/wp\/v2\/product_cat?post=2007"},{"taxonomy":"product_tag","embeddable":true,"href":"https:\/\/oculosnamedida.com.br\/ecommerce\/wp-json\/wp\/v2\/product_tag?post=2007"}],"curies":[{"name":"wp","href":"https:\/\/api.w.org\/{rel}","templated":true}]}}