







{"id":1954,"date":"2024-02-10T17:52:59","date_gmt":"2024-02-10T20:52:59","guid":{"rendered":"https:\/\/oculosnamedida.com.br\/?post_type=product&#038;p=1954"},"modified":"2024-02-10T17:53:16","modified_gmt":"2024-02-10T20:53:16","slug":"polarizado-clipon","status":"publish","type":"product","link":"https:\/\/oculosnamedida.com.br\/ecommerce\/produtos\/polarizado-clipon\/","title":{"rendered":"Polarizado Clipon"},"content":{"rendered":"<p>Para a \u00f3tica que quiser provar gratuitamente seus \u00f3culos no site, entre em contato para mais d\u00favidas:<\/p>\n<p>(21) 98325-4885<\/p>\n","protected":false},"excerpt":{"rendered":"<p>Modelo: Masculino<\/p>\n<p>Cor: Met\u00e1lico\/Preto<\/p>\n<p>Medidas<\/p>\n<p>Frontal: 141 mm<\/p>\n<p>Haste: 145 mm<\/p>\n<p>Altura: 44 mm<\/p>\n","protected":false},"author":1,"featured_media":1955,"comment_status":"open","ping_status":"closed","template":"","meta":{"_joinchat":[]},"product_brand":[],"product_cat":[19],"product_tag":[27],"class_list":{"0":"post-1954","1":"product","2":"type-product","3":"status-publish","4":"has-post-thumbnail","6":"product_cat-grau-masculino","7":"product_tag-nossa-galeria","9":"first","10":"instock","11":"taxable","12":"shipping-taxable","13":"product-type-simple","14":"add-to-wishlist-after_add_to_cart"},"_links":{"self":[{"href":"https:\/\/oculosnamedida.com.br\/ecommerce\/wp-json\/wp\/v2\/product\/1954","targetHints":{"allow":["GET"]}}],"collection":[{"href":"https:\/\/oculosnamedida.com.br\/ecommerce\/wp-json\/wp\/v2\/product"}],"about":[{"href":"https:\/\/oculosnamedida.com.br\/ecommerce\/wp-json\/wp\/v2\/types\/product"}],"author":[{"embeddable":true,"href":"https:\/\/oculosnamedida.com.br\/ecommerce\/wp-json\/wp\/v2\/users\/1"}],"replies":[{"embeddable":true,"href":"https:\/\/oculosnamedida.com.br\/ecommerce\/wp-json\/wp\/v2\/comments?post=1954"}],"wp:featuredmedia":[{"embeddable":true,"href":"https:\/\/oculosnamedida.com.br\/ecommerce\/wp-json\/wp\/v2\/media\/1955"}],"wp:attachment":[{"href":"https:\/\/oculosnamedida.com.br\/ecommerce\/wp-json\/wp\/v2\/media?parent=1954"}],"wp:term":[{"taxonomy":"product_brand","embeddable":true,"href":"https:\/\/oculosnamedida.com.br\/ecommerce\/wp-json\/wp\/v2\/product_brand?post=1954"},{"taxonomy":"product_cat","embeddable":true,"href":"https:\/\/oculosnamedida.com.br\/ecommerce\/wp-json\/wp\/v2\/product_cat?post=1954"},{"taxonomy":"product_tag","embeddable":true,"href":"https:\/\/oculosnamedida.com.br\/ecommerce\/wp-json\/wp\/v2\/product_tag?post=1954"}],"curies":[{"name":"wp","href":"https:\/\/api.w.org\/{rel}","templated":true}]}}