







{"id":1280,"date":"2023-11-06T17:22:13","date_gmt":"2023-11-06T20:22:13","guid":{"rendered":"https:\/\/oculosnamedida.com.br\/?post_type=product&#038;p=1280"},"modified":"2023-11-20T18:37:29","modified_gmt":"2023-11-20T21:37:29","slug":"modelo-2249-clipon","status":"publish","type":"product","link":"https:\/\/oculosnamedida.com.br\/ecommerce\/produtos\/modelo-2249-clipon\/","title":{"rendered":"Modelo 2249 &#8211; Clipon"},"content":{"rendered":"<p>Para a \u00f3tica que quiser provar gratuitamente seus \u00f3culos no site, entre em contato para mais d\u00favidas:<\/p>\n<p>(21) 98325-4885<\/p>\n","protected":false},"excerpt":{"rendered":"<p>Modelo: Masculino<\/p>\n<p>Cor: Preto<\/p>\n<p>Medidas<\/p>\n<p>Frontal: 139 mm<\/p>\n<p>Haste: 140 mm<\/p>\n<p>Altura: 40 mm<\/p>\n","protected":false},"author":1,"featured_media":1420,"comment_status":"open","ping_status":"closed","template":"","meta":{"_joinchat":[]},"product_brand":[],"product_cat":[19],"product_tag":[27],"class_list":{"0":"post-1280","1":"product","2":"type-product","3":"status-publish","4":"has-post-thumbnail","6":"product_cat-grau-masculino","7":"product_tag-nossa-galeria","9":"first","10":"instock","11":"taxable","12":"shipping-taxable","13":"product-type-simple","14":"add-to-wishlist-after_add_to_cart"},"_links":{"self":[{"href":"https:\/\/oculosnamedida.com.br\/ecommerce\/wp-json\/wp\/v2\/product\/1280","targetHints":{"allow":["GET"]}}],"collection":[{"href":"https:\/\/oculosnamedida.com.br\/ecommerce\/wp-json\/wp\/v2\/product"}],"about":[{"href":"https:\/\/oculosnamedida.com.br\/ecommerce\/wp-json\/wp\/v2\/types\/product"}],"author":[{"embeddable":true,"href":"https:\/\/oculosnamedida.com.br\/ecommerce\/wp-json\/wp\/v2\/users\/1"}],"replies":[{"embeddable":true,"href":"https:\/\/oculosnamedida.com.br\/ecommerce\/wp-json\/wp\/v2\/comments?post=1280"}],"wp:featuredmedia":[{"embeddable":true,"href":"https:\/\/oculosnamedida.com.br\/ecommerce\/wp-json\/wp\/v2\/media\/1420"}],"wp:attachment":[{"href":"https:\/\/oculosnamedida.com.br\/ecommerce\/wp-json\/wp\/v2\/media?parent=1280"}],"wp:term":[{"taxonomy":"product_brand","embeddable":true,"href":"https:\/\/oculosnamedida.com.br\/ecommerce\/wp-json\/wp\/v2\/product_brand?post=1280"},{"taxonomy":"product_cat","embeddable":true,"href":"https:\/\/oculosnamedida.com.br\/ecommerce\/wp-json\/wp\/v2\/product_cat?post=1280"},{"taxonomy":"product_tag","embeddable":true,"href":"https:\/\/oculosnamedida.com.br\/ecommerce\/wp-json\/wp\/v2\/product_tag?post=1280"}],"curies":[{"name":"wp","href":"https:\/\/api.w.org\/{rel}","templated":true}]}}