







{"id":1197,"date":"2023-09-21T15:12:21","date_gmt":"2023-09-21T18:12:21","guid":{"rendered":"https:\/\/oculosnamedida.com.br\/?post_type=product&#038;p=1197"},"modified":"2023-11-20T19:13:08","modified_gmt":"2023-11-20T22:13:08","slug":"anelise-95318-clipon","status":"publish","type":"product","link":"https:\/\/oculosnamedida.com.br\/ecommerce\/produtos\/anelise-95318-clipon\/","title":{"rendered":"ANELISE 95318 \u2013 CLIPON"},"content":{"rendered":"<p>Para a \u00f3tica que quiser provar gratuitamente seus \u00f3culos no site, entre em contato para mais d\u00favidas:<\/p>\n<p>(21) 98325-4885<\/p>\n","protected":false},"excerpt":{"rendered":"<p>Modelo: Feminino<\/p>\n<p>Cor: ANIMAL PRINT<\/p>\n<p>Medidas<\/p>\n<p>Frontal: 141 mm<\/p>\n<p>Haste: 135 mm<\/p>\n<p>Altura: 50 mm<\/p>\n","protected":false},"author":1,"featured_media":1448,"comment_status":"open","ping_status":"closed","template":"","meta":{"_joinchat":[]},"product_brand":[],"product_cat":[15],"product_tag":[27],"class_list":{"0":"post-1197","1":"product","2":"type-product","3":"status-publish","4":"has-post-thumbnail","6":"product_cat-grau-feminino","7":"product_tag-nossa-galeria","9":"first","10":"instock","11":"taxable","12":"shipping-taxable","13":"product-type-simple","14":"add-to-wishlist-after_add_to_cart"},"_links":{"self":[{"href":"https:\/\/oculosnamedida.com.br\/ecommerce\/wp-json\/wp\/v2\/product\/1197","targetHints":{"allow":["GET"]}}],"collection":[{"href":"https:\/\/oculosnamedida.com.br\/ecommerce\/wp-json\/wp\/v2\/product"}],"about":[{"href":"https:\/\/oculosnamedida.com.br\/ecommerce\/wp-json\/wp\/v2\/types\/product"}],"author":[{"embeddable":true,"href":"https:\/\/oculosnamedida.com.br\/ecommerce\/wp-json\/wp\/v2\/users\/1"}],"replies":[{"embeddable":true,"href":"https:\/\/oculosnamedida.com.br\/ecommerce\/wp-json\/wp\/v2\/comments?post=1197"}],"wp:featuredmedia":[{"embeddable":true,"href":"https:\/\/oculosnamedida.com.br\/ecommerce\/wp-json\/wp\/v2\/media\/1448"}],"wp:attachment":[{"href":"https:\/\/oculosnamedida.com.br\/ecommerce\/wp-json\/wp\/v2\/media?parent=1197"}],"wp:term":[{"taxonomy":"product_brand","embeddable":true,"href":"https:\/\/oculosnamedida.com.br\/ecommerce\/wp-json\/wp\/v2\/product_brand?post=1197"},{"taxonomy":"product_cat","embeddable":true,"href":"https:\/\/oculosnamedida.com.br\/ecommerce\/wp-json\/wp\/v2\/product_cat?post=1197"},{"taxonomy":"product_tag","embeddable":true,"href":"https:\/\/oculosnamedida.com.br\/ecommerce\/wp-json\/wp\/v2\/product_tag?post=1197"}],"curies":[{"name":"wp","href":"https:\/\/api.w.org\/{rel}","templated":true}]}}