







{"id":692,"date":"2023-06-07T11:51:59","date_gmt":"2023-06-07T14:51:59","guid":{"rendered":"http:\/\/oculosnamedida.com.br\/?page_id=692"},"modified":"2025-08-16T22:36:21","modified_gmt":"2025-08-17T01:36:21","slug":"como-funciona","status":"publish","type":"page","link":"https:\/\/oculosnamedida.com.br\/ecommerce\/como-funciona\/","title":{"rendered":"Como Funciona"},"content":{"rendered":"\n<figure class=\"wp-block-image size-full is-style-default\"><img loading=\"lazy\" decoding=\"async\" width=\"995\" height=\"470\" src=\"http:\/\/oculosnamedida.com.br\/wp-content\/uploads\/2023\/06\/informativo-como-funciona_1.jpg\" alt=\"\" class=\"wp-image-1054\" srcset=\"https:\/\/oculosnamedida.com.br\/ecommerce\/wp-content\/uploads\/2023\/06\/informativo-como-funciona_1.jpg 995w, https:\/\/oculosnamedida.com.br\/ecommerce\/wp-content\/uploads\/2023\/06\/informativo-como-funciona_1-300x142.jpg 300w, https:\/\/oculosnamedida.com.br\/ecommerce\/wp-content\/uploads\/2023\/06\/informativo-como-funciona_1-768x363.jpg 768w, https:\/\/oculosnamedida.com.br\/ecommerce\/wp-content\/uploads\/2023\/06\/informativo-como-funciona_1-600x283.jpg 600w\" sizes=\"auto, (max-width: 995px) 100vw, 995px\" \/><\/figure>\n\n\n\n<div style=\"height:35px\" aria-hidden=\"true\" class=\"wp-block-spacer\"><\/div>\n\n\n\n<p class=\"has-large-font-size\"><strong>AMIGO \u00d3PTICO!<\/strong><\/p>\n\n\n\n<p class=\"has-medium-font-size\">Podemos aumentar as vendas?<br>Sim, podemos e muito!<\/p>\n\n\n\n<div style=\"height:25px\" aria-hidden=\"true\" class=\"wp-block-spacer\"><\/div>\n\n\n\n<p class=\"has-large-font-size\"><strong>Qual o obst\u00e1culo?<\/strong><\/p>\n\n\n\n<p class=\"has-medium-font-size\">Os com\u00e9rcios que vendem muito pela internet, n\u00e3o depende de Dist\u00e2ncia pupilar, Dist\u00e2ncia naso pupilar ou Altura da pel\u00edcula para montar e vender os seus produtos online, a maioria apenas com ilustra\u00e7\u00f5es em suas descri\u00e7\u00f5es em cada produto. Mas \u00f3culos dependem de medidas. E com precis\u00e3o!<\/p>\n\n\n\n<p class=\"has-medium-font-size\">Pois agora a \u00f3tica superou este obst\u00e1culo com o SMR (Sistema de medidas reais) integrado ao site oculosnamedida.com.br, onde voc\u00ea pode tirar a Dist\u00e2ncia pupilar, Dist\u00e2ncia naso pupilar e Altura da pel\u00edcula, inclusive para multifocal e vestir a foto do seu cliente nas medidas exatas conforme ficar\u00e3o na realidade presencial (Quando ele vestir os \u00f3culos em casa, o tamanho ser\u00e1 id\u00eantico ao da foto).<\/p>\n\n\n\n<div style=\"height:25px\" aria-hidden=\"true\" class=\"wp-block-spacer\"><\/div>\n\n\n\n<p class=\"has-large-font-size\"><strong>Como provar os \u00f3culos na medida exata:<\/strong><\/p>\n\n\n\n<p class=\"has-medium-font-size\">1 \u2013 Escolha um modelo de \u00f3culos do site e clique em PROVAR.<br>O modelo aparecer\u00e1 sobre um diagrama de rosto (manequim).<\/p>\n\n\n\n<p class=\"has-medium-font-size\">2 \u2013 Para substituir o &#8220;manequim&#8221; por um rosto de teste, ou sua pr\u00f3pria foto, clique em &#8220;Minha Foto&#8221; e escolha um rosto de seu pr\u00f3prio arquivo de fotos. Clique em cima da foto.<\/p>\n\n\n\n<p class=\"has-medium-font-size\">3 &#8211; Sobreponha a ferramenta &#8220;LENTE &#8221; por cima de uma das \u00edris da foto de teste escolhida.<\/p>\n\n\n\n<p class=\"has-medium-font-size\">4 \u2013 Agora, acima da foto vestida, existem os sinais (+ e -) para aumentar e diminuir a foto do rosto, at\u00e9 a \u00edris ficar do tamanho exato dessa \u201cLENTE\u201d.<\/p>\n\n\n\n<p class=\"has-medium-font-size\">5 \u2013 Caso necess\u00e1rio use as setas circulares para rotacionar os \u00f3culos no rosto e para acertar a altura do modelo no rosto clique e arraste o modelo sobre o rosto.<\/p>\n\n\n\n<p class=\"has-medium-font-size\">6 &#8211; Para vestir outro modelo no rosto, clique em &#8220;Voltar&#8221; e escolha outro modelo.<\/p>\n\n\n\n<p class=\"has-medium-font-size\">7 &#8211; Caso seja um modelo com Clipon, clique no modelo desejado para acessar a p\u00e1gina, nela tem as op\u00e7\u00f5es Provar Frontal e Provar Clipon.<\/p>\n\n\n\n<div style=\"height:25px\" aria-hidden=\"true\" class=\"wp-block-spacer\"><\/div>\n\n\n\n<figure class=\"wp-block-video\"><video height=\"470\" style=\"aspect-ratio: 996 \/ 470;\" width=\"996\" controls poster=\"http:\/\/oculosnamedida.com.br\/wp-content\/uploads\/2023\/06\/capa-apresentacao-smr.jpg\" preload=\"none\" src=\"http:\/\/oculosnamedida.com.br\/wp-content\/uploads\/2023\/06\/smr-1-apresentacao-optico.mp4\" playsinline><\/video><\/figure>\n\n\n\n<div style=\"height:25px\" aria-hidden=\"true\" class=\"wp-block-spacer\"><\/div>\n\n\n\n<p class=\"has-large-font-size\"><strong>Viva a Evolu\u00e7\u00e3o!<\/strong><\/p>\n\n\n\n<p class=\"has-medium-font-size\">Agora a \u00f3tica pode explorar a internet como todos os tipos de com\u00e9rcio j\u00e1 o fazem. Milhares de clientes de \u00f3ticas em todas as cidades, agora poder\u00e3o usufruir desta evolu\u00e7\u00e3o.<\/p>\n\n\n\n<p class=\"has-medium-font-size\">Atrav\u00e9s do site: oculosnamedida.com.br<\/p>\n\n\n\n<p class=\"has-medium-font-size\">Voc\u00ea \u00f3tica pode contactar-nos para ganhar seu espa\u00e7o no site e\/ou adquirir o SMR em seus pr\u00f3prios sites, caso n\u00e3o tenha site pode contactar-nos tamb\u00e9m.<br>Desenvolvemos todo o projeto desde o in\u00edcio, tanto sites convencionais, quanto loja virtual, al\u00e9m de intregrar o SMR em ambas as op\u00e7\u00f5es.<\/p>\n\n\n\n<p class=\"has-medium-font-size\"><strong>Whatsapp:<\/strong>&nbsp;(21) 98325-4885<\/p>\n\n\n\n<div style=\"height:20px\" aria-hidden=\"true\" class=\"wp-block-spacer\"><\/div>\n\n\n\n<p class=\"has-text-color has-link-color has-medium-font-size wp-elements-3cf39b7f543cacda2e75897b3cc639e3\" style=\"color:#b96400\"><a href=\"https:\/\/oculosnamedida.com.br\/ecommerce\/cadastre-seus-oculos\/\">Clique aqui e cadastre seus \u00f3culos.<\/a><\/p>\n\n\n\n<div style=\"height:30px\" aria-hidden=\"true\" class=\"wp-block-spacer\"><\/div>\n","protected":false},"excerpt":{"rendered":"<p>AMIGO \u00d3PTICO! Podemos aumentar as vendas?Sim, podemos e muito! Qual o obst\u00e1culo? Os com\u00e9rcios que vendem muito pela internet, n\u00e3o depende de Dist\u00e2ncia pupilar, Dist\u00e2ncia naso pupilar ou Altura da pel\u00edcula para montar e vender os seus produtos online, a&hellip;<\/p>\n","protected":false},"author":1,"featured_media":0,"parent":0,"menu_order":0,"comment_status":"closed","ping_status":"closed","template":"","meta":{"_joinchat":[],"footnotes":""},"class_list":["post-692","page","type-page","status-publish","hentry"],"_links":{"self":[{"href":"https:\/\/oculosnamedida.com.br\/ecommerce\/wp-json\/wp\/v2\/pages\/692","targetHints":{"allow":["GET"]}}],"collection":[{"href":"https:\/\/oculosnamedida.com.br\/ecommerce\/wp-json\/wp\/v2\/pages"}],"about":[{"href":"https:\/\/oculosnamedida.com.br\/ecommerce\/wp-json\/wp\/v2\/types\/page"}],"author":[{"embeddable":true,"href":"https:\/\/oculosnamedida.com.br\/ecommerce\/wp-json\/wp\/v2\/users\/1"}],"replies":[{"embeddable":true,"href":"https:\/\/oculosnamedida.com.br\/ecommerce\/wp-json\/wp\/v2\/comments?post=692"}],"version-history":[{"count":26,"href":"https:\/\/oculosnamedida.com.br\/ecommerce\/wp-json\/wp\/v2\/pages\/692\/revisions"}],"predecessor-version":[{"id":2108,"href":"https:\/\/oculosnamedida.com.br\/ecommerce\/wp-json\/wp\/v2\/pages\/692\/revisions\/2108"}],"wp:attachment":[{"href":"https:\/\/oculosnamedida.com.br\/ecommerce\/wp-json\/wp\/v2\/media?parent=692"}],"curies":[{"name":"wp","href":"https:\/\/api.w.org\/{rel}","templated":true}]}}