







{"id":1792,"date":"2023-12-16T20:32:00","date_gmt":"2023-12-16T23:32:00","guid":{"rendered":"https:\/\/oculosnamedida.com.br\/?page_id=1792"},"modified":"2026-02-26T17:10:38","modified_gmt":"2026-02-26T20:10:38","slug":"cadastre-seus-oculos-2","status":"publish","type":"page","link":"https:\/\/oculosnamedida.com.br\/ecommerce\/cadastre-seus-oculos-2\/","title":{"rendered":"Cadastre seus \u00f3culos 2"},"content":{"rendered":"\n<p class=\"has-medium-font-size\">Para as \u00f3ticas que desejam expor e vender seus \u00f3culos em nosso site, basta efetuar o cadastro abaixo e se desejar j\u00e1 adiantar o trabalho, pode estar enviando as fotos dos \u00f3culos atrav\u00e9s desse mesmo cadastro, com todos os dados de cada \u00f3culos em cada foto (pre\u00e7os e tamanhos). Os Padr\u00f5es das fotos dos \u00f3culos s\u00e3o (Frontal, Lateral e Angulo). Caso tenham alguma d\u00favida podem tamb\u00e9m estar entrando em contato pelo whatsapp:<\/p>\n\n\n\n<p class=\"has-medium-font-size\">(21) 98325-4885 para d\u00favidas.<\/p>\n\n\n\n<div style=\"height:25px\" aria-hidden=\"true\" class=\"wp-block-spacer\"><\/div>\n\n\n\n<p class=\"has-large-font-size\">Nossos planos:<\/p>\n\n\n\n<div style=\"height:15px\" aria-hidden=\"true\" class=\"wp-block-spacer\"><\/div>\n\n\n\n<div class=\"wp-block-columns is-layout-flex wp-container-core-columns-is-layout-9d6595d7 wp-block-columns-is-layout-flex\">\n<div class=\"wp-block-column is-layout-flow wp-block-column-is-layout-flow\">\n<p class=\"has-text-align-center has-text-color has-large-font-size\" style=\"color:#039c64\"><strong>Gratuito<\/strong><\/p>\n\n\n\n<p class=\"has-text-align-center has-medium-font-size\"><strong>Galeria com at\u00e9 10 \u00f3culos<\/strong><\/p>\n\n\n\n<p class=\"has-text-align-left\"><strong>\u221a Logotipo<\/strong><\/p>\n\n\n\n<p class=\"has-text-align-left\"><strong>\u221a Endere\u00e7os e Contatos<\/strong><\/p>\n\n\n\n<p><strong>\u221a Redes Sociais<\/strong><\/p>\n\n\n\n<p><strong>\u221a Informa\u00e7\u00f5es Simples (Produtos)<\/strong><\/p>\n\n\n\n<p><s><strong>\u03a7<\/strong> <strong>Promo\u00e7\u00f5es<\/strong><\/s><\/p>\n\n\n\n<p><strong><s><strong><strong>\u03a7<\/strong><\/strong> Destaques<\/s><\/strong><\/p>\n\n\n\n<p><strong>\u221a Suporte at\u00e9 duas filiais<\/strong><\/p>\n\n\n\n<h1 class=\"wp-block-heading has-text-align-center has-white-color has-text-color has-background has-medium-font-size\" style=\"background-color:#b96400\"><strong>PARTICIPE<\/strong><\/h1>\n<\/div>\n\n\n\n<div class=\"wp-block-column is-layout-flow wp-block-column-is-layout-flow\">\n<p class=\"has-text-align-center has-text-color has-large-font-size\" style=\"color:#039c64\"><strong>10,00\/por Modelo<\/strong><\/p>\n\n\n\n<p class=\"has-text-align-center has-medium-font-size\"><strong>Galeria com a quantidade desejada<\/strong><\/p>\n\n\n\n<p class=\"has-text-align-left\"><strong>\u221a Logotipo<\/strong><\/p>\n\n\n\n<p class=\"has-text-align-left\"><strong>\u221a Endere\u00e7os e Contatos<\/strong><\/p>\n\n\n\n<p><strong>\u221a Redes Sociais<\/strong><\/p>\n\n\n\n<p><strong><strong>\u221a Informa\u00e7\u00f5es Desejadas<\/strong> (Produtos)<\/strong><\/p>\n\n\n\n<p><strong>\u221a Promo\u00e7\u00f5es<\/strong><\/p>\n\n\n\n<p><strong>\u221a Destaques<\/strong><\/p>\n\n\n\n<p><strong>\u221a Suporte Completo<\/strong><\/p>\n\n\n\n<h1 class=\"wp-block-heading has-text-align-center has-white-color has-text-color has-background has-medium-font-size\" style=\"background-color:#b96400\"><strong>VENDA MAIS<\/strong><\/h1>\n<\/div>\n<\/div>\n\n\n\n<div style=\"height:15px\" aria-hidden=\"true\" class=\"wp-block-spacer\"><\/div>\n\n\n\n<p class=\"has-black-color has-text-color has-large-font-size\">FORMUL\u00c1RIO DE CADASTRO<\/p>\n\n\n\n<p class=\"has-medium-font-size\">Favor preencher os campos abaixo com os dados corretos:<\/p>\n\n\n\n<div style=\"height:30px\" aria-hidden=\"true\" class=\"wp-block-spacer\"><\/div>\n\n\n\n<div class=\"wp-block-contact-form-7-contact-form-selector\">\n<div class=\"wpcf7 no-js\" id=\"wpcf7-f1801-o1\" lang=\"pt-BR\" dir=\"ltr\" data-wpcf7-id=\"1801\">\n<div class=\"screen-reader-response\"><p role=\"status\" aria-live=\"polite\" aria-atomic=\"true\"><\/p> <ul><\/ul><\/div>\n<form action=\"\/ecommerce\/wp-json\/wp\/v2\/pages\/1792#wpcf7-f1801-o1\" method=\"post\" class=\"wpcf7-form init\" aria-label=\"Formul\u00e1rios de contato\" enctype=\"multipart\/form-data\" novalidate=\"novalidate\" data-status=\"init\">\n<fieldset class=\"hidden-fields-container\"><input type=\"hidden\" name=\"_wpcf7\" value=\"1801\" \/><input type=\"hidden\" name=\"_wpcf7_version\" value=\"6.1.5\" \/><input type=\"hidden\" name=\"_wpcf7_locale\" value=\"pt_BR\" \/><input type=\"hidden\" name=\"_wpcf7_unit_tag\" value=\"wpcf7-f1801-o1\" \/><input type=\"hidden\" name=\"_wpcf7_container_post\" value=\"0\" \/><input type=\"hidden\" name=\"_wpcf7_posted_data_hash\" value=\"\" \/>\n<\/fieldset>\n<p><label>Escolha o Plano:*<br \/>\n<span class=\"wpcf7-form-control-wrap\" data-name=\"menu-385\"><select class=\"wpcf7-form-control wpcf7-select wpcf7-validates-as-required\" aria-required=\"true\" aria-invalid=\"false\" name=\"menu-385\"><option value=\"\"><\/option><option value=\"Gratuito\">Gratuito<\/option><option value=\"10,00 por modelo\">10,00 por modelo<\/option><\/select><\/span><\/label>\n<\/p>\n<p><label>Nome:*<br \/>\n<span class=\"wpcf7-form-control-wrap\" data-name=\"your-name\"><input size=\"40\" maxlength=\"400\" class=\"wpcf7-form-control wpcf7-text wpcf7-validates-as-required\" aria-required=\"true\" aria-invalid=\"false\" value=\"\" type=\"text\" name=\"your-name\" \/><\/span><\/label>\n<\/p>\n<p><label>Sobrenome:*<br \/>\n<span class=\"wpcf7-form-control-wrap\" data-name=\"your-sobrenome\"><input size=\"40\" maxlength=\"400\" class=\"wpcf7-form-control wpcf7-text wpcf7-validates-as-required\" aria-required=\"true\" aria-invalid=\"false\" value=\"\" type=\"text\" name=\"your-sobrenome\" \/><\/span><\/label>\n<\/p>\n<p><label>Email:*<br \/>\n<span class=\"wpcf7-form-control-wrap\" data-name=\"your-email\"><input size=\"40\" maxlength=\"400\" class=\"wpcf7-form-control wpcf7-email wpcf7-validates-as-required wpcf7-text wpcf7-validates-as-email\" aria-required=\"true\" aria-invalid=\"false\" value=\"\" type=\"email\" name=\"your-email\" \/><\/span><\/label>\n<\/p>\n<p><label>Telefone\/Whatsapp:*<br \/>\n<span class=\"wpcf7-form-control-wrap\" data-name=\"your-telefone\"><input size=\"40\" maxlength=\"400\" class=\"wpcf7-form-control wpcf7-tel wpcf7-validates-as-required wpcf7-text wpcf7-validates-as-tel\" aria-required=\"true\" aria-invalid=\"false\" placeholder=\"(00)00000-0000\" value=\"\" type=\"tel\" name=\"your-telefone\" \/><\/span><\/label>\n<\/p>\n<p><label>CNPJ:*<br \/>\n<span class=\"wpcf7-form-control-wrap\" data-name=\"cnpj\"><input size=\"40\" maxlength=\"400\" class=\"wpcf7-form-control wpcf7-text wpcf7-validates-as-required\" aria-required=\"true\" aria-invalid=\"false\" value=\"\" type=\"text\" name=\"cnpj\" \/><\/span><\/label>\n<\/p>\n<p><label>Raz\u00e3o Social:*<br \/>\n<span class=\"wpcf7-form-control-wrap\" data-name=\"your-razaosocial\"><input size=\"40\" maxlength=\"400\" class=\"wpcf7-form-control wpcf7-text wpcf7-validates-as-required\" aria-required=\"true\" aria-invalid=\"false\" value=\"\" type=\"text\" name=\"your-razaosocial\" \/><\/span><\/label>\n<\/p>\n<p><label>Quantas Filiais?*<br \/>\n<span class=\"wpcf7-form-control-wrap\" data-name=\"your-filiais\"><input size=\"40\" maxlength=\"400\" class=\"wpcf7-form-control wpcf7-text wpcf7-validates-as-required\" aria-required=\"true\" aria-invalid=\"false\" value=\"\" type=\"text\" name=\"your-filiais\" \/><\/span><\/label>\n<\/p>\n<p><label>Nome da \u00d3tica:*<br \/>\n<span class=\"wpcf7-form-control-wrap\" data-name=\"your-loja\"><input size=\"40\" maxlength=\"400\" class=\"wpcf7-form-control wpcf7-text wpcf7-validates-as-required\" aria-required=\"true\" aria-invalid=\"false\" value=\"\" type=\"text\" name=\"your-loja\" \/><\/span><\/label>\n<\/p>\n<p><label>Endere\u00e7o:*<br \/>\n<span class=\"wpcf7-form-control-wrap\" data-name=\"your-endereco\"><input size=\"40\" maxlength=\"400\" class=\"wpcf7-form-control wpcf7-text wpcf7-validates-as-required\" aria-required=\"true\" aria-invalid=\"false\" value=\"\" type=\"text\" name=\"your-endereco\" \/><\/span><\/label>\n<\/p>\n<p><label>Cidade:*<br \/>\n<span class=\"wpcf7-form-control-wrap\" data-name=\"your-cidade\"><input size=\"40\" maxlength=\"400\" class=\"wpcf7-form-control wpcf7-text wpcf7-validates-as-required\" aria-required=\"true\" aria-invalid=\"false\" value=\"\" type=\"text\" name=\"your-cidade\" \/><\/span><\/label>\n<\/p>\n<p><label>Estado:*<br \/>\n<span class=\"wpcf7-form-control-wrap\" data-name=\"your-estado\"><input size=\"40\" maxlength=\"400\" class=\"wpcf7-form-control wpcf7-text wpcf7-validates-as-required\" aria-required=\"true\" aria-invalid=\"false\" value=\"\" type=\"text\" name=\"your-estado\" \/><\/span><\/label>\n<\/p>\n<p><label>Cep:*<br \/>\n<span class=\"wpcf7-form-control-wrap\" data-name=\"your-cep\"><input size=\"40\" maxlength=\"400\" class=\"wpcf7-form-control wpcf7-text wpcf7-validates-as-required\" aria-required=\"true\" aria-invalid=\"false\" placeholder=\"00000-000\" value=\"\" type=\"text\" name=\"your-cep\" \/><\/span><\/label>\n<\/p>\n<p><label>Arquivos: (jpg | jpeg | png)<br \/>\n<div id=\"mfcf7_zl_multifilecontainer\"><span class=\"mfcf7-zl-multiline-sample\" style=\"display:none\"><p class=\"wpcf7-form-control-wrap anexo-arquivos\"><input size=\"40\" class=\"wpcf7-form-control wpcf7-multilinefile wpcf7-validates-as-required\" multiple=\"multiple\" value=\"Anexar mais Arquivos\" aria-required=\"true\" aria-invalid=\"false\" type=\"file\" name=\"anexo-arquivos[]\" \/> <span class=\"mfcf7-zl-multifile-name\"><\/span><a href=\"javascript:void(0);\" class=\"mfcf7_zl_delete_file\"><span class=\"delete-file\" aria-hidden=\"true\">&#x274C;<\/span><\/a><\/p><\/span><\/div><span class=\"wpcf7-form-control-wrap zl-form-control-wrap anexo-arquivos\"><input size=\"40\" class=\"wpcf7-form-control wpcf7-multilinefile wpcf7-validates-as-required\" multiple=\"multiple\" value=\"Anexar mais Arquivos\" aria-required=\"true\" aria-invalid=\"false\" type=\"file\" name=\"anexo-arquivos[]\" \/> <span class=\"mfcf7-zl-multifile-name\"><\/span><a href=\"javascript:void(0);\" class=\"mfcf7_zl_delete_file\"><span class=\"delete-file\" aria-hidden=\"true\">&#x274C;<\/span><\/a><\/span><p><label><span class=\"wpcf7-form-control-wrap\" data-name=\"anexo-arquivos-zl-mfcf7-upld-btn\"><input type=\"button\" name=\"anexo-arquivos-zl-mfcf7-upld-btn\" class=\"button button-primary qbutton\" id=\"mfcf7_zl_add_file\" value=\"Anexar mais Arquivos\"><\/span><\/label><\/p><\/label><br \/>\n<label><span class=\"wpcf7-form-control-wrap\" data-name=\"acceptance-21\"><span class=\"wpcf7-form-control wpcf7-acceptance\"><span class=\"wpcf7-list-item\"><input type=\"checkbox\" name=\"acceptance-21\" value=\"1\" aria-invalid=\"false\" \/><\/span><\/span><\/span> Ao cadastrar, concordo com os <a href=\"http:\/\/oculosnamedida.com.br\/termos-e-condicoes\/\" target=\"_blank\">Termos e Condi\u00e7\u00f5es<\/a><\/label><br \/>\n<label id=\"enviar\"><br \/>\n<input class=\"wpcf7-form-control wpcf7-submit has-spinner\" type=\"submit\" value=\"Cadastrar\" \/><br \/>\n<\/label>\n<\/p>\n\n\n<div class=\"wpcf7-response-output\" aria-hidden=\"true\"><\/div>\n<\/form>\n<\/div>\n<\/div>\n","protected":false},"excerpt":{"rendered":"<p>Para as \u00f3ticas que desejam expor e vender seus \u00f3culos em nosso site, basta efetuar o cadastro abaixo e se desejar j\u00e1 adiantar o trabalho, pode estar enviando as fotos dos \u00f3culos atrav\u00e9s desse mesmo cadastro, com todos os dados&hellip;<\/p>\n","protected":false},"author":1,"featured_media":0,"parent":0,"menu_order":0,"comment_status":"closed","ping_status":"closed","template":"","meta":{"_joinchat":[],"footnotes":""},"class_list":["post-1792","page","type-page","status-publish","hentry"],"_links":{"self":[{"href":"https:\/\/oculosnamedida.com.br\/ecommerce\/wp-json\/wp\/v2\/pages\/1792","targetHints":{"allow":["GET"]}}],"collection":[{"href":"https:\/\/oculosnamedida.com.br\/ecommerce\/wp-json\/wp\/v2\/pages"}],"about":[{"href":"https:\/\/oculosnamedida.com.br\/ecommerce\/wp-json\/wp\/v2\/types\/page"}],"author":[{"embeddable":true,"href":"https:\/\/oculosnamedida.com.br\/ecommerce\/wp-json\/wp\/v2\/users\/1"}],"replies":[{"embeddable":true,"href":"https:\/\/oculosnamedida.com.br\/ecommerce\/wp-json\/wp\/v2\/comments?post=1792"}],"version-history":[{"count":6,"href":"https:\/\/oculosnamedida.com.br\/ecommerce\/wp-json\/wp\/v2\/pages\/1792\/revisions"}],"predecessor-version":[{"id":1802,"href":"https:\/\/oculosnamedida.com.br\/ecommerce\/wp-json\/wp\/v2\/pages\/1792\/revisions\/1802"}],"wp:attachment":[{"href":"https:\/\/oculosnamedida.com.br\/ecommerce\/wp-json\/wp\/v2\/media?parent=1792"}],"curies":[{"name":"wp","href":"https:\/\/api.w.org\/{rel}","templated":true}]}}