







{"id":10,"date":"2022-09-04T15:03:11","date_gmt":"2022-09-04T18:03:11","guid":{"rendered":"http:\/\/oculosnamedida.com.br\/?page_id=10"},"modified":"2023-08-20T11:07:57","modified_gmt":"2023-08-20T14:07:57","slug":"reembolso_devolucoes","status":"publish","type":"page","link":"https:\/\/oculosnamedida.com.br\/ecommerce\/reembolso_devolucoes\/","title":{"rendered":"Pol\u00edtica de reembolso e devolu\u00e7\u00f5es"},"content":{"rendered":"\n<div style=\"height:20px\" aria-hidden=\"true\" class=\"wp-block-spacer\"><\/div>\n\n\n\n<div class=\"wp-block-group\"><div class=\"wp-block-group__inner-container is-layout-constrained wp-block-group-is-layout-constrained\">\n<div class=\"wp-block-group\"><div class=\"wp-block-group__inner-container is-layout-constrained wp-block-group-is-layout-constrained\">\n<div class=\"wp-block-group\"><div class=\"wp-block-group__inner-container is-layout-constrained wp-block-group-is-layout-constrained\">\n<div class=\"wp-block-group\"><div class=\"wp-block-group__inner-container is-layout-constrained wp-block-group-is-layout-constrained\">\n<h2 class=\"wp-block-heading\">Vis\u00e3o geral<\/h2>\n\n\n\n<p>Nossa pol\u00edtica de venda \u00e9 intermediar clientes com as lojas atrav\u00e9s das vendas pelo site. N\u00e3o nos responsabilizamos pelas vendas, produtos e reembolso.<\/p>\n\n\n\n<p id=\"tw-target-text\">Sobre reembolso e devolu\u00e7\u00e3o dura 30 dias. Depois de 30 dias desde a sua compra, as lojas n\u00e3o poder\u00e3o  oferecer o reembolso total.<br>Para ser eleg\u00edvel para uma devolu\u00e7\u00e3o, seu item deve estar sem uso e nas mesmas condi\u00e7\u00f5es em que voc\u00ea o recebeu. E tamb\u00e9m deve estar na embalagem original.<\/p>\n<\/div><\/div>\n<\/div><\/div>\n<\/div><\/div>\n\n\n\n<div style=\"height:20px\" aria-hidden=\"true\" class=\"wp-block-spacer\"><\/div>\n\n\n\n<h2 class=\"wp-block-heading\" id=\"tw-target-text\">Reembolsos<\/h2>\n\n\n\n<p id=\"tw-target-text\">Assim que sua devolu\u00e7\u00e3o for recebida e inspecionada pela loja, a loja enviar\u00e1 um email para notific\u00e1-lo de que receberam o item devolvido. Tamb\u00e9m o notificar\u00e3o sobre a aprova\u00e7\u00e3o ou rejei\u00e7\u00e3o do seu reembolso.<br>Se voc\u00ea for aprovado, seu reembolso ser\u00e1 processado e um cr\u00e9dito ser\u00e1 automaticamente aplicado a sua conta ou m\u00e9todo de pagamento original, dentro de um determinado per\u00edodo de dias.<\/p>\n\n\n\n<div style=\"height:20px\" aria-hidden=\"true\" class=\"wp-block-spacer\"><\/div>\n\n\n\n<h2 class=\"wp-block-heading\" id=\"tw-target-text\">Itens \u00e0 venda<\/h2>\n\n\n\n<p id=\"tw-target-text\">Somente itens em estado original poder\u00e3o ser reembolsados.<\/p>\n\n\n\n<div style=\"height:20px\" aria-hidden=\"true\" class=\"wp-block-spacer\"><\/div>\n\n\n\n<h2 class=\"wp-block-heading\" id=\"tw-target-text\">Trocas<\/h2>\n\n\n\n<p id=\"tw-target-text\">As lojas s\u00f3 substituem os itens se chegarem at\u00e9 voc\u00ea com defeito ou danificados. Se voc\u00ea precisar troc\u00e1-lo pelo mesmo item, envie um email e ou entre em contato com a loja.<\/p>\n\n\n\n<p>O site n\u00e3o se responsabiliza pela troca dos produtos, apenas intermediamos as vendas.<\/p>\n\n\n\n<div style=\"height:20px\" aria-hidden=\"true\" class=\"wp-block-spacer\"><\/div>\n\n\n\n<h2 class=\"wp-block-heading\" id=\"tw-target-text\">Envio de devolu\u00e7\u00f5es<\/h2>\n\n\n\n<p id=\"tw-target-text\">Para devolver seu produto, voc\u00ea deve enviar seu produto para o {endere\u00e7o f\u00edsico da loja}.<br>Voc\u00ea ser\u00e1 respons\u00e1vel por pagar esse custo de envio para devolver seu item. O custo de envio ser\u00e1 reembols\u00e1vel.<br>Dependendo de onde voc\u00ea mora, o tempo que pode levar para o produto trocado chegar at\u00e9 voc\u00ea pode variar.<br>Se voc\u00ea estiver devolvendo itens mais caros, considere usar um servi\u00e7o de remessa rastre\u00e1vel ou adquirir um seguro de remessa. N\u00e3o garantimos que receberemos o item devolvido.<\/p>\n\n\n\n<div style=\"height:20px\" aria-hidden=\"true\" class=\"wp-block-spacer\"><\/div>\n\n\n\n<h2 class=\"wp-block-heading\" id=\"tw-target-text\">Precisa de ajuda?<\/h2>\n\n\n\n<p id=\"tw-target-text\">Contacte-nos atrav\u00e9s da p\u00e1gina de contatos do site com o assunto relacionado a reembolso e devolu\u00e7\u00f5es.<\/p>\n\n\n\n<div style=\"height:30px\" aria-hidden=\"true\" class=\"wp-block-spacer\"><\/div>\n<\/div><\/div>\n","protected":false},"excerpt":{"rendered":"<p>Vis\u00e3o geral Nossa pol\u00edtica de venda \u00e9 intermediar clientes com as lojas atrav\u00e9s das vendas pelo site. N\u00e3o nos responsabilizamos pelas vendas, produtos e reembolso. Sobre reembolso e devolu\u00e7\u00e3o dura 30 dias. Depois de 30 dias desde a sua compra,&hellip;<\/p>\n","protected":false},"author":1,"featured_media":0,"parent":0,"menu_order":91,"comment_status":"closed","ping_status":"closed","template":"","meta":{"_joinchat":[],"footnotes":""},"class_list":["post-10","page","type-page","status-publish","hentry"],"_links":{"self":[{"href":"https:\/\/oculosnamedida.com.br\/ecommerce\/wp-json\/wp\/v2\/pages\/10","targetHints":{"allow":["GET"]}}],"collection":[{"href":"https:\/\/oculosnamedida.com.br\/ecommerce\/wp-json\/wp\/v2\/pages"}],"about":[{"href":"https:\/\/oculosnamedida.com.br\/ecommerce\/wp-json\/wp\/v2\/types\/page"}],"author":[{"embeddable":true,"href":"https:\/\/oculosnamedida.com.br\/ecommerce\/wp-json\/wp\/v2\/users\/1"}],"replies":[{"embeddable":true,"href":"https:\/\/oculosnamedida.com.br\/ecommerce\/wp-json\/wp\/v2\/comments?post=10"}],"version-history":[{"count":21,"href":"https:\/\/oculosnamedida.com.br\/ecommerce\/wp-json\/wp\/v2\/pages\/10\/revisions"}],"predecessor-version":[{"id":1161,"href":"https:\/\/oculosnamedida.com.br\/ecommerce\/wp-json\/wp\/v2\/pages\/10\/revisions\/1161"}],"wp:attachment":[{"href":"https:\/\/oculosnamedida.com.br\/ecommerce\/wp-json\/wp\/v2\/media?parent=10"}],"curies":[{"name":"wp","href":"https:\/\/api.w.org\/{rel}","templated":true}]}}